{"id":3190,"date":"2016-02-19T12:29:20","date_gmt":"2016-02-19T18:29:20","guid":{"rendered":"http:\/\/www.mexpen.com\/?page_id=3190"},"modified":"2017-02-13T01:04:48","modified_gmt":"2017-02-13T07:04:48","slug":"terminos-y-condiciones","status":"publish","type":"page","link":"https:\/\/shys.shop\/mx\/terminos-y-condiciones\/","title":{"rendered":"Terminos y Condiciones"},"content":{"rendered":"<p>El sitio Web www.calzadoshys.com, y todas sus subsidiarias, afiliadas, divisiones y otros enlaces, le damos la bienvenida y le ofrecemos nuestra gama de productos a la venta a trav\u00e9s del uso de este sitio web y el contenido del mismo.<\/p>\n<p>Es decir, que el usuario est\u00e1 aceptando todos y cada uno de los t\u00e9rminos y condiciones de uso recogidas en el presente Convenio y confirma su aceptaci\u00f3n de la misma utilizando es la p\u00e1gina web de conformidad con lo dispuesto en el art\u00edculo 1803 del C\u00f3digo Civil Federal.<\/p>\n<p>En su defecto, al no estar de acuerdo con los t\u00e9rminos y condiciones de uso total y completa, no se puede utilizar cualquier p\u00e1gina web es.<\/p>\n<p>Este caso de que el uso del usuario, y tenga en cuenta la www.calzadoshys.com sitio web se reserva el derecho de realizar cambios o modificaciones a estos t\u00e9rminos y condiciones de uso en cualquier momento, de que tales cambios con respecto a la publicaci\u00f3n en el sitio y sin previo aviso por parte de la misma .<\/p>\n<p>Cuando se accede a utilizar este sitio web el usuario acepta completa e incondicionalmente todas y cada una de las condiciones establecidas, tanto de manera general la forma en particular, incluye en estos t\u00e9rminos y condiciones de uso publicadas por www.calzadoshys.com, en el momento en que el usuario entra en el mismo.<\/p>\n<p>NORMAS DE USO.<\/p>\n<p>Para acceder a nuestro portal y hacer uso de la misma www.calzadoshys.com, el usuario debe ser mayor de edad o ser supervisado con la ayuda de un adulto, lo que podr\u00eda ser el padre o tutor legal.<\/p>\n<p>Toda la informaci\u00f3n contenida en nuestra p\u00e1gina web www.calzadoshys.com, el usuario reconoce y acepta que ser\u00e1 identificado plenamente por lo que reconocen que proviene y ha sido generada por este sitio web o cualquiera de sus divisiones, subsidiarias, afiliados y otros enlaces de la misma.<\/p>\n<p>Sin embargo, la informaci\u00f3n y contenidos en el mismo sitio www.calzadoshys.com; as\u00ed como cualquier contenido de opini\u00f3n publicado en el mismo, que no reflejan necesariamente la posici\u00f3n de la misma, ni de sus empleados, accionistas, directores o distribuidores. De tal manera que www.calzadoshys.com no es responsable de ninguna de estas opiniones, informaci\u00f3n y conceptos que se emitan en la presente p\u00e1gina web, dejando la responsabilidad \u00fanica y exclusivamente en la persona publicaci\u00f3n de dicho contenido.<\/p>\n<p>De la misma manera el sitio web www.calzadoshys.com se reserva el derecho de bloquear el acceso o remover en parcial o en su totalidad cualquier informaci\u00f3n, comunicaci\u00f3n o material que a su juicio podr\u00eda ser tan difamatorio, abusivo, obsceno, enga\u00f1oso, fraudulento, violaci\u00f3n de los derechos de los derechos de autor, marca registrada, confidencialidad, secretos comerciales o cualquier derecho de propiedad intelectual de un tercero, ofensivo.<\/p>\n<p>Algunos productos y \/ o servicios y las caracter\u00edsticas relacionadas que pueden estar disponibles en el sitio www.calzadoshys.com puede requerir registro o suscripci\u00f3n, en cuyo caso, el usuario se compromete a proporcionar informaci\u00f3n precisa y actualizada informaci\u00f3n sobre s\u00ed mismo; el usuario no sea ning\u00fan cambio en la misma ser\u00e1 el \u00fanico responsable de la actualizaci\u00f3n tan pronto como sea posible dicha informaci\u00f3n y su posterior gesti\u00f3n. Cada usuario de la www.calzadoshys.com sitio es el \u00fanico responsable de mantener las contrase\u00f1as y cualquier identificador de cuenta segura. El titular de la cuenta es completamente responsable de todas las actividades que ocurran bajo su contrase\u00f1a o cuenta. En el caso de que el usuario detecte cualquier uso no autorizado de su cuenta, debe notificar inmediatamente a nuestro portal www.calzadoshys.com, incluso si esto significa que de alguna manera, este sitio web ser\u00e1 responsable directa o indirectamente de cualquier p\u00e9rdida o da\u00f1o incurridos como resultado de la falta de cumplimiento de esta secci\u00f3n por parte del usuario, siendo responsabilidad exclusiva y exclusivamente por \u00e9l y sin ninguna responsabilidad hacia nuestro portal.<\/p>\n<p>MEDIOS DE USUARIO.<\/p>\n<p>Durante el proceso de registro, el usuario se compromete a recibir todo tipo de propaganda promocional de nuestra p\u00e1gina web www.calzadoshys.com, por medio de correo electr\u00f3nico, sin embargo, de aqu\u00ed en adelante puede optar por cancelar dicha publicidad promocional.<\/p>\n<p>Usted reconoce que al proporcionar la informaci\u00f3n personal que se requiere en cualquiera de los servicios prestados en esta p\u00e1gina web, adjudicados a www.calzadoshys.com autorizaci\u00f3n mencionada en el art\u00edculo 109 de la ley federal del derecho de autor. De tal manera, que en todos los casos, el usuario es el \u00fanico que va a responder de la exactitud de la informaci\u00f3n proporcionada en el sitio web designado aqu\u00ed.<\/p>\n<p>El usuario est\u00e1 de acuerdo que el uso de la www.calzadoshys.com sitio web, se llev\u00f3 a cabo bajo su propio riesgo y que tanto los servicios y productos que en ella se proporcionan y la oferta se ofrecen sobre una base \u201ctal cual\u201d y \u201cseg\u00fan est\u00e1n disponibles\u201d.<\/p>\n<p>El www.calzadoshys.com sitio web no garantiza que la p\u00e1gina cumple con los requisitos del usuario o que los servicios ofrecidos en el mismo no sufra interrupciones, seguros o est\u00e1n exentos de errores.<\/p>\n<p>PROCESAMIENTO DE \u00d3RDENES Y ACEPTACI\u00d3N DE PRECIOS.<\/p>\n<p>El usuario debe tener en cuenta que, en el caso de que un pedido no puede ser procesado por diversas razones, si el sitio web que eran www.calzadoshys.com se reserva el derecho de rechazar o cancelar cualquier orden por cualquier motivo y en cualquier momento.<\/p>\n<p>www.calzadoshys.com sitio web se reserva el derecho de solicitar informaci\u00f3n adicional, el usuario incluso antes de aceptar el pedido. Del mismo modo, estamos comprometidos a proporcionar al usuario una informaci\u00f3n m\u00e1s precisa en t\u00e9rminos de precios y caracter\u00edsticas del producto y \/ o servicio; Sin embargo, incluso producirse algunos errores, como el precio de un art\u00edculo que no aparezca correctamente en nuestro sitio web, como tal, nos reservamos el derecho de rechazar o cancelar cualquier orden, en el caso de que el precio de este art\u00edculo es incorrecto, en cuyo caso es posible a discreci\u00f3n y contacto previo con el usuario es la amistad a la cancelaci\u00f3n de la orden ya sea que el mismo ha sido confirmada y cargada la tarjeta de cr\u00e9dito del usuario en cuesti\u00f3n.<\/p>\n<p>Autor y de propiedad industrial e intelectual.<\/p>\n<p>La p\u00e1gina Web www.calzadoshys.com sus logotipos y todo el contenido y la informaci\u00f3n dentro del sitio, son marcas comerciales, nombres de dominio, nombres comerciales, as\u00ed como todos los derechos de propiedad intelectual, est\u00e1n registrados o no, incluyendo el dise\u00f1o y no limitado al texto, gr\u00e1ficos, software, im\u00e1genes, v\u00eddeos, m\u00fasica y todo el c\u00f3digo fuente, compilaciones de software y software subyacente siguen siendo propiedad del sitio.<\/p>\n<p>Expresamente proh\u00edbe al usuario cualquier alteraci\u00f3n modificaci\u00f3n o supresi\u00f3n, ya sea nombres totales o parciales comerciales, anuncios, anuncios, marcas, logotipos y en general cualquier indicaci\u00f3n que se refieren a la propiedad intelectual e industrial, estando todos ellos protegidos por derechos de autor como un trabajo colectivo bajo las leyes de los derechos de autor en M\u00e9xico y los convenios internacionales que salen todos los derechos reservados.<\/p>\n<p>LEGISLACI\u00d3N APLICABLE Y JURISDICCI\u00d3N.<\/p>\n<p>Los t\u00e9rminos y condiciones que aqu\u00ed se describen estar\u00e1n sujetas y ser\u00e1n interpretadas de acuerdo con las leyes de la legislaci\u00f3n vigente en M\u00e9xico y con sujeci\u00f3n a la secci\u00f3n de Arbitraje a continuaci\u00f3n se describe, las dos partes de someterse a la jurisdicci\u00f3n de los tribunales de M\u00e9xico y renuncia a cualquier objeci\u00f3n basado en su lugar.<\/p>\n<p>ARBITRAJE.<\/p>\n<p>Cualquier controversia, reclamaci\u00f3n o disputa que no se relaciona con los t\u00e9rminos y condiciones antes mencionadas tendr\u00e1n que ser resueltas definitivamente mediante arbitraje vinculante privada y confidencial ante un solo \u00e1rbitro de acuerdo con las reglas de conciliaci\u00f3n y arbitraje comercial en 1994, modificados, sustituidos o re- promulgadas de vez en cuando.<\/p>\n<p>En el caso de cualquier otro mecanismo legal o equitativo resoluci\u00f3n, ser\u00e1 posible practicar sin previo aviso estos t\u00e9rminos y condiciones, o la revocaci\u00f3n de cualquiera o terminar\u00e1 de inmediato y todos los derechos de uso concedidos en virtud de ellos.<\/p>\n<p>En el caso de resoluci\u00f3n del presente convenio son paradas de un acceso inmediato a la www.calzadoshys.com sitio web, el usuario y revocar todas las contrase\u00f1as y la identificaci\u00f3n de cuenta emitido por el sitio web de la misma; as\u00ed como la restricci\u00f3n del acceso a la misma forma general.<\/p>\n<p>Para terminar este acuerdo, no afecta a los derechos y obligaciones respectivos (incluyendo, pero no limitado a las obligaciones de pago) de las partes que surjan antes de la fecha de terminaci\u00f3n. El usuario acepta que el www.calzadoshys.com sitio web no ser\u00e1 responsable de dicha suspensi\u00f3n o terminaci\u00f3n.<\/p>\n<p>Por \u00faltimo, si el usuario de la p\u00e1gina web www.calzadoshys.com est\u00e1 satisfecho con ella o con cualquiera de los t\u00e9rminos y condiciones, reglas, pol\u00edticas o pr\u00e1cticas dentro de la misma, no tendr\u00e1n que dejar de usarlo.<\/p>\n","protected":false},"excerpt":{"rendered":"<p>El sitio Web www.calzadoshys.com, y todas sus subsidiarias, afiliadas, divisiones y otros enlaces, le damos la bienvenida y le ofrecemos nuestra gama de productos a la venta a trav\u00e9s del uso de este sitio web y el contenido del mismo. Es decir, que el usuario est\u00e1 aceptando todos y cada uno de los t\u00e9rminos y [&#8230;]\n","protected":false},"author":1,"featured_media":0,"parent":0,"menu_order":0,"comment_status":"closed","ping_status":"closed","template":"","meta":{"footnotes":""},"class_list":["post-3190","page","type-page","status-publish","hentry"],"yoast_head":"<!-- This site is optimized with the Yoast SEO plugin v25.2 - https:\/\/yoast.com\/wordpress\/plugins\/seo\/ -->\n<title>Terminos y Condiciones - SHY&#039;S - Hecho a Mano<\/title>\n<meta name=\"robots\" content=\"index, follow, max-snippet:-1, max-image-preview:large, max-video-preview:-1\" \/>\n<link rel=\"canonical\" href=\"https:\/\/shys.shop\/mx\/terminos-y-condiciones\/\" \/>\n<meta property=\"og:locale\" content=\"es_MX\" \/>\n<meta property=\"og:type\" content=\"article\" \/>\n<meta property=\"og:title\" content=\"Terminos y Condiciones - SHY&#039;S - Hecho a Mano\" \/>\n<meta property=\"og:description\" content=\"El sitio Web www.calzadoshys.com, y todas sus subsidiarias, afiliadas, divisiones y otros enlaces, le damos la bienvenida y le ofrecemos nuestra gama de productos a la venta a trav\u00e9s del uso de este sitio web y el contenido del mismo. Es decir, que el usuario est\u00e1 aceptando todos y cada uno de los t\u00e9rminos y [...]\" \/>\n<meta property=\"og:url\" content=\"https:\/\/shys.shop\/mx\/terminos-y-condiciones\/\" \/>\n<meta property=\"og:site_name\" content=\"SHY&#039;S - Hecho a Mano\" \/>\n<meta property=\"article:modified_time\" content=\"2017-02-13T07:04:48+00:00\" \/>\n<meta name=\"twitter:card\" content=\"summary_large_image\" \/>\n<meta name=\"twitter:label1\" content=\"Tiempo de lectura\" \/>\n\t<meta name=\"twitter:data1\" content=\"8 minutos\" \/>\n<script type=\"application\/ld+json\" class=\"yoast-schema-graph\">{\"@context\":\"https:\/\/schema.org\",\"@graph\":[{\"@type\":\"WebPage\",\"@id\":\"https:\/\/shys.shop\/mx\/terminos-y-condiciones\/\",\"url\":\"https:\/\/shys.shop\/mx\/terminos-y-condiciones\/\",\"name\":\"Terminos y Condiciones - SHY&#039;S - Hecho a Mano\",\"isPartOf\":{\"@id\":\"https:\/\/shys.shop\/mx\/#website\"},\"datePublished\":\"2016-02-19T18:29:20+00:00\",\"dateModified\":\"2017-02-13T07:04:48+00:00\",\"breadcrumb\":{\"@id\":\"https:\/\/shys.shop\/mx\/terminos-y-condiciones\/#breadcrumb\"},\"inLanguage\":\"es\",\"potentialAction\":[{\"@type\":\"ReadAction\",\"target\":[\"https:\/\/shys.shop\/mx\/terminos-y-condiciones\/\"]}]},{\"@type\":\"BreadcrumbList\",\"@id\":\"https:\/\/shys.shop\/mx\/terminos-y-condiciones\/#breadcrumb\",\"itemListElement\":[{\"@type\":\"ListItem\",\"position\":1,\"name\":\"Home\",\"item\":\"https:\/\/shys.shop\/mx\/\"},{\"@type\":\"ListItem\",\"position\":2,\"name\":\"Terminos y Condiciones\"}]},{\"@type\":\"WebSite\",\"@id\":\"https:\/\/shys.shop\/mx\/#website\",\"url\":\"https:\/\/shys.shop\/mx\/\",\"name\":\"SHY&#039;S - Hecho a Mano\",\"description\":\"\",\"potentialAction\":[{\"@type\":\"SearchAction\",\"target\":{\"@type\":\"EntryPoint\",\"urlTemplate\":\"https:\/\/shys.shop\/mx\/?s={search_term_string}\"},\"query-input\":{\"@type\":\"PropertyValueSpecification\",\"valueRequired\":true,\"valueName\":\"search_term_string\"}}],\"inLanguage\":\"es\"}]}<\/script>\n<!-- \/ Yoast SEO plugin. -->","yoast_head_json":{"title":"Terminos y Condiciones - SHY&#039;S - Hecho a Mano","robots":{"index":"index","follow":"follow","max-snippet":"max-snippet:-1","max-image-preview":"max-image-preview:large","max-video-preview":"max-video-preview:-1"},"canonical":"https:\/\/shys.shop\/mx\/terminos-y-condiciones\/","og_locale":"es_MX","og_type":"article","og_title":"Terminos y Condiciones - SHY&#039;S - Hecho a Mano","og_description":"El sitio Web www.calzadoshys.com, y todas sus subsidiarias, afiliadas, divisiones y otros enlaces, le damos la bienvenida y le ofrecemos nuestra gama de productos a la venta a trav\u00e9s del uso de este sitio web y el contenido del mismo. Es decir, que el usuario est\u00e1 aceptando todos y cada uno de los t\u00e9rminos y [...]","og_url":"https:\/\/shys.shop\/mx\/terminos-y-condiciones\/","og_site_name":"SHY&#039;S - Hecho a Mano","article_modified_time":"2017-02-13T07:04:48+00:00","twitter_card":"summary_large_image","twitter_misc":{"Tiempo de lectura":"8 minutos"},"schema":{"@context":"https:\/\/schema.org","@graph":[{"@type":"WebPage","@id":"https:\/\/shys.shop\/mx\/terminos-y-condiciones\/","url":"https:\/\/shys.shop\/mx\/terminos-y-condiciones\/","name":"Terminos y Condiciones - SHY&#039;S - Hecho a Mano","isPartOf":{"@id":"https:\/\/shys.shop\/mx\/#website"},"datePublished":"2016-02-19T18:29:20+00:00","dateModified":"2017-02-13T07:04:48+00:00","breadcrumb":{"@id":"https:\/\/shys.shop\/mx\/terminos-y-condiciones\/#breadcrumb"},"inLanguage":"es","potentialAction":[{"@type":"ReadAction","target":["https:\/\/shys.shop\/mx\/terminos-y-condiciones\/"]}]},{"@type":"BreadcrumbList","@id":"https:\/\/shys.shop\/mx\/terminos-y-condiciones\/#breadcrumb","itemListElement":[{"@type":"ListItem","position":1,"name":"Home","item":"https:\/\/shys.shop\/mx\/"},{"@type":"ListItem","position":2,"name":"Terminos y Condiciones"}]},{"@type":"WebSite","@id":"https:\/\/shys.shop\/mx\/#website","url":"https:\/\/shys.shop\/mx\/","name":"SHY&#039;S - Hecho a Mano","description":"","potentialAction":[{"@type":"SearchAction","target":{"@type":"EntryPoint","urlTemplate":"https:\/\/shys.shop\/mx\/?s={search_term_string}"},"query-input":{"@type":"PropertyValueSpecification","valueRequired":true,"valueName":"search_term_string"}}],"inLanguage":"es"}]}},"_links":{"self":[{"href":"https:\/\/shys.shop\/mx\/wp-json\/wp\/v2\/pages\/3190","targetHints":{"allow":["GET"]}}],"collection":[{"href":"https:\/\/shys.shop\/mx\/wp-json\/wp\/v2\/pages"}],"about":[{"href":"https:\/\/shys.shop\/mx\/wp-json\/wp\/v2\/types\/page"}],"author":[{"embeddable":true,"href":"https:\/\/shys.shop\/mx\/wp-json\/wp\/v2\/users\/1"}],"replies":[{"embeddable":true,"href":"https:\/\/shys.shop\/mx\/wp-json\/wp\/v2\/comments?post=3190"}],"version-history":[{"count":3,"href":"https:\/\/shys.shop\/mx\/wp-json\/wp\/v2\/pages\/3190\/revisions"}],"predecessor-version":[{"id":3230,"href":"https:\/\/shys.shop\/mx\/wp-json\/wp\/v2\/pages\/3190\/revisions\/3230"}],"wp:attachment":[{"href":"https:\/\/shys.shop\/mx\/wp-json\/wp\/v2\/media?parent=3190"}],"curies":[{"name":"wp","href":"https:\/\/api.w.org\/{rel}","templated":true}]}}